{"id":2237,"date":"2026-03-03T20:25:55","date_gmt":"2026-03-03T20:25:55","guid":{"rendered":"http:\/\/pizzeriamagnifica.se\/about-us\/"},"modified":"2026-03-09T09:00:23","modified_gmt":"2026-03-09T09:00:23","slug":"about-us","status":"publish","type":"page","link":"https:\/\/pizzeriamagnifica.se\/en\/about-us\/","title":{"rendered":"About Us"},"content":{"rendered":"<div data-elementor-type=\"wp-post\" data-elementor-id=\"2237\" class=\"elementor elementor-2237\">\n\t\t\t\t<div class=\"elementor-element elementor-element-1f913cf e-flex e-con-boxed e-con e-parent\" data-id=\"1f913cf\" data-element_type=\"container\" data-e-type=\"container\" data-settings=\"{&quot;background_background&quot;:&quot;classic&quot;,&quot;shape_divider_bottom&quot;:&quot;triangle&quot;}\">\n\t\t\t\t\t<div class=\"e-con-inner\">\n\t\t\t\t<div class=\"elementor-shape elementor-shape-bottom\" aria-hidden=\"true\" data-negative=\"false\">\n\t\t\t<svg xmlns=\"http:\/\/www.w3.org\/2000\/svg\" viewbox=\"0 0 1000 100\" preserveaspectratio=\"none\">\n\t<path class=\"elementor-shape-fill\" d=\"M500,98.9L0,6.1V0h1000v6.1L500,98.9z\"\/>\n<\/svg>\t\t<\/div>\n\t\t<div class=\"elementor-element elementor-element-fe92a26 e-con-full e-flex e-con e-child\" data-id=\"fe92a26\" data-element_type=\"container\" data-e-type=\"container\">\n\t\t\t\t<div class=\"elementor-element elementor-element-9643cee elementor-position-top elementor-invisible elementor-widget elementor-widget-image-box\" data-id=\"9643cee\" data-element_type=\"widget\" data-e-type=\"widget\" data-settings=\"{&quot;_animation&quot;:&quot;fadeInDown&quot;}\" data-widget_type=\"image-box.default\">\n\t\t\t\t<div class=\"elementor-widget-container\">\n\t\t\t\t\t<div class=\"elementor-image-box-wrapper\"><figure class=\"elementor-image-box-img\"><img decoding=\"async\" width=\"200\" height=\"35\" src=\"http:\/\/pizzeriamagnifica.se\/wp-content\/uploads\/2018\/10\/divider-free-img-1.png\" class=\"attachment-full size-full wp-image-76\" alt=\"\" \/><\/figure><div class=\"elementor-image-box-content\"><p class=\"elementor-image-box-title\">Vem \u00e4r jag?<\/p><\/div><\/div>\t\t\t\t<\/div>\n\t\t\t\t<\/div>\n\t\t\t\t<div class=\"elementor-element elementor-element-05b12cd elementor-invisible elementor-widget elementor-widget-icon-box\" data-id=\"05b12cd\" data-element_type=\"widget\" data-e-type=\"widget\" data-settings=\"{&quot;_animation&quot;:&quot;fadeInUp&quot;}\" data-widget_type=\"icon-box.default\">\n\t\t\t\t<div class=\"elementor-widget-container\">\n\t\t\t\t\t\t\t<div class=\"elementor-icon-box-wrapper\">\n\n\t\t\t\n\t\t\t\t\t\t<div class=\"elementor-icon-box-content\">\n\n\t\t\t\t\n\t\t\t\t\t\t\t\t\t<p class=\"elementor-icon-box-description\">\n\t\t\t\t\t\t<br>Jag \u00e4r en mat\u00e4lskare som tycker om baka \u00e4kta napolitansk pizza hemma i Karlstad. Det b\u00f6rjade som en hobby, men med tiden har det blivit en passion att dela den autentiska smaken med andra. Varje pizza jag bakar f\u00f6ljer traditionella recept fr\u00e5n n\u00e5gra av de b\u00e4sta italienska pizzabagare, med fokus p\u00e5 kvalitet, hantverk och noggrant utvalda r\u00e5varor.\n\nJag bakar i begr\u00e4nsade m\u00e4ngder f\u00f6r att kunna ge varje pizza den omsorg den f\u00f6rtj\u00e4nar, och levererar dem direkt till d\u00f6rren f\u00f6r att du ska f\u00e5 njuta av en varm och f\u00e4rsk upplevelse. Jag hoppas att varje pizza ger en stund av gl\u00e4dje och smakfull njutning, precis som den var t\u00e4nkt i Napoli.\t\t\t\t\t<\/p>\n\t\t\t\t\n\t\t\t<\/div>\n\t\t\t\n\t\t<\/div>\n\t\t\t\t\t\t<\/div>\n\t\t\t\t<\/div>\n\t\t\t\t<\/div>\n\t\t\t\t\t<\/div>\n\t\t\t\t<\/div>\n\t\t<div class=\"elementor-element elementor-element-3e5cd25 e-con-full e-flex e-con e-parent\" data-id=\"3e5cd25\" data-element_type=\"container\" data-e-type=\"container\" data-settings=\"{&quot;background_background&quot;:&quot;classic&quot;}\">\n\t\t<div class=\"elementor-element elementor-element-09005e7 e-con-full e-flex elementor-invisible e-con e-child\" data-id=\"09005e7\" data-element_type=\"container\" data-e-type=\"container\" data-settings=\"{&quot;animation&quot;:&quot;fadeInDown&quot;}\">\n\t\t\t\t<div class=\"elementor-element elementor-element-2157d62 elementor-invisible elementor-widget elementor-widget-heading\" data-id=\"2157d62\" data-element_type=\"widget\" data-e-type=\"widget\" data-settings=\"{&quot;_animation&quot;:&quot;fadeInDown&quot;}\" data-widget_type=\"heading.default\">\n\t\t\t\t<div class=\"elementor-widget-container\">\n\t\t\t\t\t<h2 class=\"elementor-heading-title elementor-size-default\">Bakar hemma<\/h2>\t\t\t\t<\/div>\n\t\t\t\t<\/div>\n\t\t\t\t<div class=\"elementor-element elementor-element-9d37eb6 elementor-widget elementor-widget-icon-box\" data-id=\"9d37eb6\" data-element_type=\"widget\" data-e-type=\"widget\" data-widget_type=\"icon-box.default\">\n\t\t\t\t<div class=\"elementor-widget-container\">\n\t\t\t\t\t\t\t<div class=\"elementor-icon-box-wrapper\">\n\n\t\t\t\n\t\t\t\t\t\t<div class=\"elementor-icon-box-content\">\n\n\t\t\t\t\t\t\t\t\t<p class=\"elementor-icon-box-title\">\n\t\t\t\t\t\t<span  >\n\t\t\t\t\t\t\t<span style=\"font-size: 16px;text-align: start\">Alla pizzor bakas med omsorg direkt fr\u00e5n mitt k\u00f6k i Kroppk\u00e4rr. H\u00e4r kan jag l\u00e4gga tid och passion p\u00e5 varje deg och topping, s\u00e5 att varje pizza blir precis som den ska, personlig, f\u00e4rsk och autentisk. Genom att baka hemma kan jag h\u00e5lla antalet pizzor begr\u00e4nsat och fokusera p\u00e5 kvalitet, innan de levereras varmt till dig i Karlstad.<\/span><br><br><br><span style=\"font-size: 16px;text-align: start\">\n<\/span><span style=\"font-size: 16px;text-align: start\"><\/span>\t\t\t\t\t\t<\/span>\n\t\t\t\t\t<\/p>\n\t\t\t\t\n\t\t\t\t\n\t\t\t<\/div>\n\t\t\t\n\t\t<\/div>\n\t\t\t\t\t\t<\/div>\n\t\t\t\t<\/div>\n\t\t\t\t<\/div>\n\t\t\t\t<\/div>\n\t\t<div class=\"elementor-element elementor-element-df8dff9 e-flex e-con-boxed e-con e-parent\" data-id=\"df8dff9\" data-element_type=\"container\" data-e-type=\"container\">\n\t\t\t\t\t<div class=\"e-con-inner\">\n\t\t\t\t<div class=\"elementor-element elementor-element-5ab4f70 elementor-widget elementor-widget-spacer\" data-id=\"5ab4f70\" data-element_type=\"widget\" data-e-type=\"widget\" data-widget_type=\"spacer.default\">\n\t\t\t\t<div class=\"elementor-widget-container\">\n\t\t\t\t\t\t\t<div class=\"elementor-spacer\">\n\t\t\t<div class=\"elementor-spacer-inner\"><\/div>\n\t\t<\/div>\n\t\t\t\t\t\t<\/div>\n\t\t\t\t<\/div>\n\t\t\t\t\t<\/div>\n\t\t\t\t<\/div>\n\t\t\t\t<\/div>","protected":false},"excerpt":{"rendered":"<p>Vem \u00e4r jag? Jag \u00e4r en mat\u00e4lskare som tycker om baka \u00e4kta napolitansk pizza hemma i Karlstad. Det b\u00f6rjade som en hobby, men med tiden har det blivit en passion att dela den autentiska smaken med andra. Varje pizza jag bakar f\u00f6ljer traditionella recept fr\u00e5n n\u00e5gra av de b\u00e4sta italienska pizzabagare, med fokus p\u00e5 kvalitet, [&hellip;]<\/p>\n","protected":false},"author":1,"featured_media":0,"parent":0,"menu_order":2,"comment_status":"closed","ping_status":"closed","template":"","meta":{"site-sidebar-layout":"no-sidebar","site-content-layout":"page-builder","ast-site-content-layout":"default","site-content-style":"default","site-sidebar-style":"default","ast-global-header-display":"","ast-banner-title-visibility":"","ast-main-header-display":"","ast-hfb-above-header-display":"","ast-hfb-below-header-display":"","ast-hfb-mobile-header-display":"","site-post-title":"disabled","ast-breadcrumbs-content":"","ast-featured-img":"disabled","footer-sml-layout":"","ast-disable-related-posts":"","theme-transparent-header-meta":"","adv-header-id-meta":"","stick-header-meta":"","header-above-stick-meta":"","header-main-stick-meta":"","header-below-stick-meta":"","astra-migrate-meta-layouts":"default","ast-page-background-enabled":"default","ast-page-background-meta":{"desktop":{"background-color":"","background-image":"","background-repeat":"repeat","background-position":"center center","background-size":"auto","background-attachment":"scroll","background-type":"","background-media":"","overlay-type":"","overlay-color":"","overlay-opacity":"","overlay-gradient":""},"tablet":{"background-color":"","background-image":"","background-repeat":"repeat","background-position":"center center","background-size":"auto","background-attachment":"scroll","background-type":"","background-media":"","overlay-type":"","overlay-color":"","overlay-opacity":"","overlay-gradient":""},"mobile":{"background-color":"","background-image":"","background-repeat":"repeat","background-position":"center center","background-size":"auto","background-attachment":"scroll","background-type":"","background-media":"","overlay-type":"","overlay-color":"","overlay-opacity":"","overlay-gradient":""}},"ast-content-background-meta":{"desktop":{"background-color":"var(--ast-global-color-5)","background-image":"","background-repeat":"repeat","background-position":"center center","background-size":"auto","background-attachment":"scroll","background-type":"","background-media":"","overlay-type":"","overlay-color":"","overlay-opacity":"","overlay-gradient":""},"tablet":{"background-color":"var(--ast-global-color-5)","background-image":"","background-repeat":"repeat","background-position":"center center","background-size":"auto","background-attachment":"scroll","background-type":"","background-media":"","overlay-type":"","overlay-color":"","overlay-opacity":"","overlay-gradient":""},"mobile":{"background-color":"var(--ast-global-color-5)","background-image":"","background-repeat":"repeat","background-position":"center center","background-size":"auto","background-attachment":"scroll","background-type":"","background-media":"","overlay-type":"","overlay-color":"","overlay-opacity":"","overlay-gradient":""}},"footnotes":""},"class_list":["post-2237","page","type-page","status-publish","hentry"],"_links":{"self":[{"href":"https:\/\/pizzeriamagnifica.se\/en\/wp-json\/wp\/v2\/pages\/2237","targetHints":{"allow":["GET"]}}],"collection":[{"href":"https:\/\/pizzeriamagnifica.se\/en\/wp-json\/wp\/v2\/pages"}],"about":[{"href":"https:\/\/pizzeriamagnifica.se\/en\/wp-json\/wp\/v2\/types\/page"}],"author":[{"embeddable":true,"href":"https:\/\/pizzeriamagnifica.se\/en\/wp-json\/wp\/v2\/users\/1"}],"replies":[{"embeddable":true,"href":"https:\/\/pizzeriamagnifica.se\/en\/wp-json\/wp\/v2\/comments?post=2237"}],"version-history":[{"count":42,"href":"https:\/\/pizzeriamagnifica.se\/en\/wp-json\/wp\/v2\/pages\/2237\/revisions"}],"predecessor-version":[{"id":3135,"href":"https:\/\/pizzeriamagnifica.se\/en\/wp-json\/wp\/v2\/pages\/2237\/revisions\/3135"}],"wp:attachment":[{"href":"https:\/\/pizzeriamagnifica.se\/en\/wp-json\/wp\/v2\/media?parent=2237"}],"curies":[{"name":"wp","href":"https:\/\/api.w.org\/{rel}","templated":true}]}}